{"id":215,"date":"2022-09-01T21:08:55","date_gmt":"2022-09-01T21:08:55","guid":{"rendered":"https:\/\/www.ladeniliska.cz\/?page_id=215"},"modified":"2025-02-24T16:12:38","modified_gmt":"2025-02-24T16:12:38","slug":"cenik","status":"publish","type":"page","link":"https:\/\/www.ladeniliska.cz\/?page_id=215","title":{"rendered":"Cen\u00edk slu\u017eeb"},"content":{"rendered":"\n<p><\/p>\n\n\n\n<ul class=\"wp-block-list\">\n<li><strong>P\u0159edlad\u011bn\u00ed n\u00e1stroje &#8211; 900 K\u010d<\/strong><\/li>\n\n\n\n<li><strong>\u010cist\u00e9 lad\u011bn\u00ed &#8211; 1800 K\u010d<\/strong><\/li>\n\n\n\n<li><strong>Dora\u017een\u00ed lad\u00edc\u00edch kol\u00edk\u016f &#8211; 550 K\u010d<\/strong><\/li>\n\n\n\n<li><strong>Odborn\u00fd posudek &#8211; 850 K\u010d + cestovn\u00e9<\/strong><\/li>\n\n\n\n<li><strong>\u010ci\u0161t\u011bn\u00ed pianina &#8211; 650 K\u010d<\/strong><\/li>\n\n\n\n<li><strong>\u010ci\u0161t\u011bn\u00ed k\u0159\u00eddla &#8211; 650 K\u010d<\/strong><\/li>\n\n\n\n<li><strong>Cestovn\u00e9 po Praze 100 &#8211; 500 K\u010d<\/strong><\/li>\n\n\n\n<li><strong>Cestovn\u00e9 mimo Prahu &#8211; 8 K\u010d\/km tam i zp\u011bt<\/strong><\/li>\n\n\n\n<li><strong>V m\u00edst\u011b s parkovac\u00edmi z\u00f3nami bude p\u0159ipo\u010dtena cena parkovn\u00e9ho.<\/strong><\/li>\n\n\n\n<li><strong>Cenu ostatn\u00edch oprav lze stanovit a\u017e po detailn\u00ed prohl\u00eddce n\u00e1stroje<\/strong>.<\/li>\n\n\n\n<li><strong>Mo\u017enost platby: Hotov\u011b, QR k\u00f3dem, fakturou<\/strong><\/li>\n<\/ul>\n","protected":false},"excerpt":{"rendered":"","protected":false},"author":1,"featured_media":0,"parent":0,"menu_order":0,"comment_status":"closed","ping_status":"closed","template":"","meta":{"footnotes":""},"class_list":["post-215","page","type-page","status-publish","hentry"],"uagb_featured_image_src":{"full":false,"thumbnail":false,"medium":false,"medium_large":false,"large":false,"1536x1536":false,"2048x2048":false,"hestia-blog":false},"uagb_author_info":{"display_name":"ladenilisk","author_link":"https:\/\/www.ladeniliska.cz\/?author=1"},"uagb_comment_info":0,"uagb_excerpt":null,"_links":{"self":[{"href":"https:\/\/www.ladeniliska.cz\/index.php?rest_route=\/wp\/v2\/pages\/215","targetHints":{"allow":["GET"]}}],"collection":[{"href":"https:\/\/www.ladeniliska.cz\/index.php?rest_route=\/wp\/v2\/pages"}],"about":[{"href":"https:\/\/www.ladeniliska.cz\/index.php?rest_route=\/wp\/v2\/types\/page"}],"author":[{"embeddable":true,"href":"https:\/\/www.ladeniliska.cz\/index.php?rest_route=\/wp\/v2\/users\/1"}],"replies":[{"embeddable":true,"href":"https:\/\/www.ladeniliska.cz\/index.php?rest_route=%2Fwp%2Fv2%2Fcomments&post=215"}],"version-history":[{"count":7,"href":"https:\/\/www.ladeniliska.cz\/index.php?rest_route=\/wp\/v2\/pages\/215\/revisions"}],"predecessor-version":[{"id":237,"href":"https:\/\/www.ladeniliska.cz\/index.php?rest_route=\/wp\/v2\/pages\/215\/revisions\/237"}],"wp:attachment":[{"href":"https:\/\/www.ladeniliska.cz\/index.php?rest_route=%2Fwp%2Fv2%2Fmedia&parent=215"}],"curies":[{"name":"wp","href":"https:\/\/api.w.org\/{rel}","templated":true}]}}